 {"id":1231,"date":"2023-05-03T05:47:20","date_gmt":"2023-05-03T05:47:20","guid":{"rendered":"https:\/\/dermamedk.es\/?post_type=product&#038;p=1231"},"modified":"2025-01-24T23:43:20","modified_gmt":"2025-01-24T22:43:20","slug":"lipoadip","status":"publish","type":"product","link":"https:\/\/dermamedk.es\/en\/tienda\/tienda\/lipoadip\/","title":{"rendered":"LIPOADIP"},"content":{"rendered":"<p><strong>5 unit x 10ml<\/strong><\/p>\n<p><span style=\"font-weight: 400;\">LIPOADIP combats localised adiposity by helping to reduce the amount of fat cells, through phospholipids which are indispensable for living organisms and play an essential role in health and nutrition due to a variety of different functions. Stimulating lipids, mobilising adipose tissue and eliminating it. It is a solution that acts efficiently on localised fat and cellulite imperfections.<\/span><\/p>\n<p><b>HOW IT WORKS.<\/b><\/p>\n<p><span style=\"font-weight: 400;\">It performs a lipolytic, draining and liporeducing action. Phosphatidylcholine is a powerful substance that has never been known before and has the ability to dissolve the fat around it, sodium deoxycholate causes the breakdown of fat cells while phosphatidylcholine promotes reabsorption. L carnitine in\ufb02uences metabolism by transporting fatty acids from the cytoplasm to the matrix of the mitochondria, where it <\/span><span style=\"font-weight: 400;\">are oxidised for energy production through oxidation.<\/span><\/p>\n<p><b>ACTIVE INGREDIENTS<\/b><\/p>\n<p><span style=\"font-weight: 400;\">Aqua ,Carnitine ,Glycerin ,Alcohol Denat. ,Methylsilanol Mannuronate<\/span><span style=\"font-weight: 400;\">, Sodium Benzoate, Propylene Glycol, Alcohol, Glycogen, Phenoxyethanol<\/span><span style=\"font-weight: 400;\">Cynara Scolymus Leaf Extract, Ca\ufb00eine, Camellia Sinensis Leaf Extract, Sodium Hydroxide, Ethylhexylglycerin, Sorbic Acid, Sodium Deoxycholate<\/span><span style=\"font-weight: 400;\">, PHOSPHATIDYLCHOLINE, ALCOHOL DENAT<\/span><\/p>\n<p><b>BENEFITS<\/b><\/p>\n<p><span style=\"font-weight: 400;\">Phosphatidylcholine is an extract derived from soy lecithin, naturally present in abundance in cell membranes, and is also known as a natural fat emulsifier. Carnitine promotes<\/span><\/p>\n<p><span style=\"font-weight: 400;\">The use of fats to be transformed into energy instead of sugars. This process causes a loss of fat in the body. At the same time, it reduces muscle fatigue and recovery time after exercise.<\/span><\/p>\n<p><b>AREA TO BE TREATED<\/b><\/p>\n<p><span style=\"font-weight: 400;\">Under chin, arms, abdomen, buttocks and thighs, etc.<\/span><\/p>","protected":false},"excerpt":{"rendered":"<p>5 unit x 10ml LIPOADIP combate la adiposidad localizada ayudando a reducir la cantidad de c\u00e9lulas grasa, a trav\u00e9s de Los fosfol\u00edpidos que son indispensables para los organismos vivos y juegan un papel esencial para la salud y nutrici\u00f3n debido a una gran variedad de funciones diferentes. Estimulando los l\u00edpidos, movilizando el tejido adiposo y [&hellip;]<\/p>","protected":false},"featured_media":2464,"comment_status":"open","ping_status":"closed","template":"","meta":[],"product_brand":[],"product_cat":[18,42],"product_tag":[],"class_list":{"0":"post-1231","1":"product","2":"type-product","3":"status-publish","4":"has-post-thumbnail","6":"product_cat-tienda","7":"product_cat-principios-activos","9":"first","10":"instock","11":"taxable","12":"shipping-taxable","13":"purchasable","14":"product-type-simple"},"yoast_head":"<!-- This site is optimized with the Yoast SEO plugin v23.8 - https:\/\/yoast.com\/wordpress\/plugins\/seo\/ -->\n<title>LIPOADIP - Dermamedk<\/title>\n<meta name=\"description\" content=\"LIPOADIP combate la adiposidad localizada ayudando a reducir la cantidad de c\u00e9lulas grasa,esencial para la salud y nutrici\u00f3n.\" \/>\n<meta name=\"robots\" content=\"index, follow, max-snippet:-1, max-image-preview:large, max-video-preview:-1\" \/>\n<link rel=\"canonical\" href=\"https:\/\/dermamedk.es\/en\/tienda\/tienda\/lipoadip\/\" \/>\n<meta property=\"og:locale\" content=\"en_GB\" \/>\n<meta property=\"og:type\" content=\"article\" \/>\n<meta property=\"og:title\" content=\"LIPOADIP - Dermamedk\" \/>\n<meta property=\"og:description\" content=\"LIPOADIP combate la adiposidad localizada ayudando a reducir la cantidad de c\u00e9lulas grasa,esencial para la salud y nutrici\u00f3n.\" \/>\n<meta property=\"og:url\" content=\"https:\/\/dermamedk.es\/en\/tienda\/tienda\/lipoadip\/\" \/>\n<meta property=\"og:site_name\" content=\"Dermamedk\" \/>\n<meta property=\"article:publisher\" content=\"https:\/\/www.facebook.com\/dermamedk\" \/>\n<meta property=\"article:modified_time\" content=\"2025-01-24T22:43:20+00:00\" \/>\n<meta property=\"og:image\" content=\"https:\/\/dermamedk.es\/wp-content\/uploads\/2023\/05\/lipoadip-2.jpg\" \/>\n\t<meta property=\"og:image:width\" content=\"271\" \/>\n\t<meta property=\"og:image:height\" content=\"492\" \/>\n\t<meta property=\"og:image:type\" content=\"image\/jpeg\" \/>\n<meta name=\"twitter:card\" content=\"summary_large_image\" \/>\n<meta name=\"twitter:label1\" content=\"Estimated reading time\" \/>\n\t<meta name=\"twitter:data1\" content=\"2 minutes\" \/>\n<script type=\"application\/ld+json\" class=\"yoast-schema-graph\">{\"@context\":\"https:\/\/schema.org\",\"@graph\":[{\"@type\":\"WebPage\",\"@id\":\"https:\/\/dermamedk.es\/tienda\/tienda\/lipoadip\/\",\"url\":\"https:\/\/dermamedk.es\/tienda\/tienda\/lipoadip\/\",\"name\":\"LIPOADIP - Dermamedk\",\"isPartOf\":{\"@id\":\"https:\/\/dermamedk.es\/#website\"},\"primaryImageOfPage\":{\"@id\":\"https:\/\/dermamedk.es\/tienda\/tienda\/lipoadip\/#primaryimage\"},\"image\":{\"@id\":\"https:\/\/dermamedk.es\/tienda\/tienda\/lipoadip\/#primaryimage\"},\"thumbnailUrl\":\"https:\/\/dermamedk.es\/wp-content\/uploads\/2023\/05\/lipoadip-2.jpg\",\"datePublished\":\"2023-05-03T05:47:20+00:00\",\"dateModified\":\"2025-01-24T22:43:20+00:00\",\"description\":\"LIPOADIP combate la adiposidad localizada ayudando a reducir la cantidad de c\u00e9lulas grasa,esencial para la salud y nutrici\u00f3n.\",\"breadcrumb\":{\"@id\":\"https:\/\/dermamedk.es\/tienda\/tienda\/lipoadip\/#breadcrumb\"},\"inLanguage\":\"en-GB\",\"potentialAction\":[{\"@type\":\"ReadAction\",\"target\":[\"https:\/\/dermamedk.es\/tienda\/tienda\/lipoadip\/\"]}]},{\"@type\":\"ImageObject\",\"inLanguage\":\"en-GB\",\"@id\":\"https:\/\/dermamedk.es\/tienda\/tienda\/lipoadip\/#primaryimage\",\"url\":\"https:\/\/dermamedk.es\/wp-content\/uploads\/2023\/05\/lipoadip-2.jpg\",\"contentUrl\":\"https:\/\/dermamedk.es\/wp-content\/uploads\/2023\/05\/lipoadip-2.jpg\",\"width\":271,\"height\":492},{\"@type\":\"BreadcrumbList\",\"@id\":\"https:\/\/dermamedk.es\/tienda\/tienda\/lipoadip\/#breadcrumb\",\"itemListElement\":[{\"@type\":\"ListItem\",\"position\":1,\"name\":\"Home\",\"item\":\"https:\/\/dermamedk.es\/\"},{\"@type\":\"ListItem\",\"position\":2,\"name\":\"Tienda\",\"item\":\"https:\/\/dermamedk.es\/tienda-dermamedk\/\"},{\"@type\":\"ListItem\",\"position\":3,\"name\":\"LIPOADIP\"}]},{\"@type\":\"WebSite\",\"@id\":\"https:\/\/dermamedk.es\/#website\",\"url\":\"https:\/\/dermamedk.es\/\",\"name\":\"DermamedK | La elecci\u00f3n perfecta para tu cuidado de la piel\",\"description\":\"Lo mejor para el cuidado de tu piel\",\"publisher\":{\"@id\":\"https:\/\/dermamedk.es\/#organization\"},\"potentialAction\":[{\"@type\":\"SearchAction\",\"target\":{\"@type\":\"EntryPoint\",\"urlTemplate\":\"https:\/\/dermamedk.es\/?s={search_term_string}\"},\"query-input\":{\"@type\":\"PropertyValueSpecification\",\"valueRequired\":true,\"valueName\":\"search_term_string\"}}],\"inLanguage\":\"en-GB\"},{\"@type\":\"Organization\",\"@id\":\"https:\/\/dermamedk.es\/#organization\",\"name\":\"DermamedK | La elecci\u00f3n perfecta para tu cuidado de la piel\",\"url\":\"https:\/\/dermamedk.es\/\",\"logo\":{\"@type\":\"ImageObject\",\"inLanguage\":\"en-GB\",\"@id\":\"https:\/\/dermamedk.es\/#\/schema\/logo\/image\/\",\"url\":\"https:\/\/dermamedk.es\/wp-content\/uploads\/2023\/04\/logo-150.webp\",\"contentUrl\":\"https:\/\/dermamedk.es\/wp-content\/uploads\/2023\/04\/logo-150.webp\",\"width\":180,\"height\":212,\"caption\":\"DermamedK | La elecci\u00f3n perfecta para tu cuidado de la piel\"},\"image\":{\"@id\":\"https:\/\/dermamedk.es\/#\/schema\/logo\/image\/\"},\"sameAs\":[\"https:\/\/www.facebook.com\/dermamedk\",\"https:\/\/www.instagram.com\/dermamedk\/\"]}]}<\/script>\n<!-- \/ Yoast SEO plugin. -->","yoast_head_json":{"title":"LIPOADIP - Dermamedk","description":"LIPOADIP combate la adiposidad localizada ayudando a reducir la cantidad de c\u00e9lulas grasa,esencial para la salud y nutrici\u00f3n.","robots":{"index":"index","follow":"follow","max-snippet":"max-snippet:-1","max-image-preview":"max-image-preview:large","max-video-preview":"max-video-preview:-1"},"canonical":"https:\/\/dermamedk.es\/en\/tienda\/tienda\/lipoadip\/","og_locale":"en_GB","og_type":"article","og_title":"LIPOADIP - Dermamedk","og_description":"LIPOADIP combate la adiposidad localizada ayudando a reducir la cantidad de c\u00e9lulas grasa,esencial para la salud y nutrici\u00f3n.","og_url":"https:\/\/dermamedk.es\/en\/tienda\/tienda\/lipoadip\/","og_site_name":"Dermamedk","article_publisher":"https:\/\/www.facebook.com\/dermamedk","article_modified_time":"2025-01-24T22:43:20+00:00","og_image":[{"width":271,"height":492,"url":"https:\/\/dermamedk.es\/wp-content\/uploads\/2023\/05\/lipoadip-2.jpg","type":"image\/jpeg"}],"twitter_card":"summary_large_image","twitter_misc":{"Estimated reading time":"2 minutes"},"schema":{"@context":"https:\/\/schema.org","@graph":[{"@type":"WebPage","@id":"https:\/\/dermamedk.es\/tienda\/tienda\/lipoadip\/","url":"https:\/\/dermamedk.es\/tienda\/tienda\/lipoadip\/","name":"LIPOADIP - Dermamedk","isPartOf":{"@id":"https:\/\/dermamedk.es\/#website"},"primaryImageOfPage":{"@id":"https:\/\/dermamedk.es\/tienda\/tienda\/lipoadip\/#primaryimage"},"image":{"@id":"https:\/\/dermamedk.es\/tienda\/tienda\/lipoadip\/#primaryimage"},"thumbnailUrl":"https:\/\/dermamedk.es\/wp-content\/uploads\/2023\/05\/lipoadip-2.jpg","datePublished":"2023-05-03T05:47:20+00:00","dateModified":"2025-01-24T22:43:20+00:00","description":"LIPOADIP combate la adiposidad localizada ayudando a reducir la cantidad de c\u00e9lulas grasa,esencial para la salud y nutrici\u00f3n.","breadcrumb":{"@id":"https:\/\/dermamedk.es\/tienda\/tienda\/lipoadip\/#breadcrumb"},"inLanguage":"en-GB","potentialAction":[{"@type":"ReadAction","target":["https:\/\/dermamedk.es\/tienda\/tienda\/lipoadip\/"]}]},{"@type":"ImageObject","inLanguage":"en-GB","@id":"https:\/\/dermamedk.es\/tienda\/tienda\/lipoadip\/#primaryimage","url":"https:\/\/dermamedk.es\/wp-content\/uploads\/2023\/05\/lipoadip-2.jpg","contentUrl":"https:\/\/dermamedk.es\/wp-content\/uploads\/2023\/05\/lipoadip-2.jpg","width":271,"height":492},{"@type":"BreadcrumbList","@id":"https:\/\/dermamedk.es\/tienda\/tienda\/lipoadip\/#breadcrumb","itemListElement":[{"@type":"ListItem","position":1,"name":"Home","item":"https:\/\/dermamedk.es\/"},{"@type":"ListItem","position":2,"name":"Tienda","item":"https:\/\/dermamedk.es\/tienda-dermamedk\/"},{"@type":"ListItem","position":3,"name":"LIPOADIP"}]},{"@type":"WebSite","@id":"https:\/\/dermamedk.es\/#website","url":"https:\/\/dermamedk.es\/","name":"DermamedK | La elecci\u00f3n perfecta para tu cuidado de la piel","description":"Lo mejor para el cuidado de tu piel","publisher":{"@id":"https:\/\/dermamedk.es\/#organization"},"potentialAction":[{"@type":"SearchAction","target":{"@type":"EntryPoint","urlTemplate":"https:\/\/dermamedk.es\/?s={search_term_string}"},"query-input":{"@type":"PropertyValueSpecification","valueRequired":true,"valueName":"search_term_string"}}],"inLanguage":"en-GB"},{"@type":"Organization","@id":"https:\/\/dermamedk.es\/#organization","name":"DermamedK | La elecci\u00f3n perfecta para tu cuidado de la piel","url":"https:\/\/dermamedk.es\/","logo":{"@type":"ImageObject","inLanguage":"en-GB","@id":"https:\/\/dermamedk.es\/#\/schema\/logo\/image\/","url":"https:\/\/dermamedk.es\/wp-content\/uploads\/2023\/04\/logo-150.webp","contentUrl":"https:\/\/dermamedk.es\/wp-content\/uploads\/2023\/04\/logo-150.webp","width":180,"height":212,"caption":"DermamedK | La elecci\u00f3n perfecta para tu cuidado de la piel"},"image":{"@id":"https:\/\/dermamedk.es\/#\/schema\/logo\/image\/"},"sameAs":["https:\/\/www.facebook.com\/dermamedk","https:\/\/www.instagram.com\/dermamedk\/"]}]}},"_links":{"self":[{"href":"https:\/\/dermamedk.es\/en\/wp-json\/wp\/v2\/product\/1231","targetHints":{"allow":["GET"]}}],"collection":[{"href":"https:\/\/dermamedk.es\/en\/wp-json\/wp\/v2\/product"}],"about":[{"href":"https:\/\/dermamedk.es\/en\/wp-json\/wp\/v2\/types\/product"}],"replies":[{"embeddable":true,"href":"https:\/\/dermamedk.es\/en\/wp-json\/wp\/v2\/comments?post=1231"}],"version-history":[{"count":5,"href":"https:\/\/dermamedk.es\/en\/wp-json\/wp\/v2\/product\/1231\/revisions"}],"predecessor-version":[{"id":1557,"href":"https:\/\/dermamedk.es\/en\/wp-json\/wp\/v2\/product\/1231\/revisions\/1557"}],"wp:featuredmedia":[{"embeddable":true,"href":"https:\/\/dermamedk.es\/en\/wp-json\/wp\/v2\/media\/2464"}],"wp:attachment":[{"href":"https:\/\/dermamedk.es\/en\/wp-json\/wp\/v2\/media?parent=1231"}],"wp:term":[{"taxonomy":"product_brand","embeddable":true,"href":"https:\/\/dermamedk.es\/en\/wp-json\/wp\/v2\/product_brand?post=1231"},{"taxonomy":"product_cat","embeddable":true,"href":"https:\/\/dermamedk.es\/en\/wp-json\/wp\/v2\/product_cat?post=1231"},{"taxonomy":"product_tag","embeddable":true,"href":"https:\/\/dermamedk.es\/en\/wp-json\/wp\/v2\/product_tag?post=1231"}],"curies":[{"name":"wp","href":"https:\/\/api.w.org\/{rel}","templated":true}]}}