 {"id":1166,"date":"2023-05-03T04:00:04","date_gmt":"2023-05-03T04:00:04","guid":{"rendered":"https:\/\/dermamedk.es\/?post_type=product&#038;p=1166"},"modified":"2024-03-01T14:22:50","modified_gmt":"2024-03-01T13:22:50","slug":"gel-exfoliante-cara-y-cuerpo","status":"publish","type":"product","link":"https:\/\/dermamedk.es\/en\/tienda\/tienda\/gel-exfoliante-cara-y-cuerpo\/","title":{"rendered":"FACE AND BODY EXFOLIATING GEL"},"content":{"rendered":"<p>Mechanical facial and body exfoliator for all skin types except sensitive, sensitised or acne-prone areas. Eliminates dead cells, favouring skin renewal. Perfect for preparing the skin for subsequent treatments.<br \/>\nHow to use: With moistened skin, apply all over the face and\/or body and massage gently in a circular motion until the desired degree of exfoliation is achieved. Remove with plenty of water. Repeat every 10-15 days. Excessive rubbing may cause unwanted physical abrasion.                                                                            Active ingredients: Calcium Nano crystals formulated in a pH 7 neutral gel.<br \/>\nPresentation: 200 ml<br \/>\nRef.: FGSS2<\/p>","protected":false},"excerpt":{"rendered":"<p>Exfoliante mec\u00e1nico facial y corporal para todo tipo de pieles excepto sensibles, \u00e1reas sensibilizadas o con presencia acn\u00e9ica. Elimina las c\u00e9lulas muertas, favoreciendo la renovaci\u00f3n d\u00e9rmica. Perfecto para preparar la piel para posteriores tratamientos. Modo de empleo: Con la piel humedecida, aplicar por todo el rostro y\/o cuerpo y dar un suave masaje circular hasta [&hellip;]<\/p>","protected":false},"featured_media":1170,"comment_status":"open","ping_status":"closed","template":"","meta":[],"product_brand":[],"product_cat":[18,25,43],"product_tag":[],"class_list":{"0":"post-1166","1":"product","2":"type-product","3":"status-publish","4":"has-post-thumbnail","6":"product_cat-tienda","7":"product_cat-higiene-y-exfoliacion","8":"product_cat-productos-cosmetologicos","10":"first","11":"instock","12":"taxable","13":"shipping-taxable","14":"purchasable","15":"product-type-simple"},"yoast_head":"<!-- This site is optimized with the Yoast SEO plugin v23.8 - https:\/\/yoast.com\/wordpress\/plugins\/seo\/ -->\n<title>GEL EXFOLIANTE CARA Y CUERPO - Dermamedk<\/title>\n<meta name=\"description\" content=\"GEL EXFOLIANTE CARA Y CUERPO Exfoliante mec\u00e1nico facial y corporal para todo tipo de pieles excepto sensibles, \u00e1reas sensibilizadas o con presencia acn\u00e9ica.\" \/>\n<meta name=\"robots\" content=\"index, follow, max-snippet:-1, max-image-preview:large, max-video-preview:-1\" \/>\n<link rel=\"canonical\" href=\"https:\/\/dermamedk.es\/en\/tienda\/tienda\/gel-exfoliante-cara-y-cuerpo\/\" \/>\n<meta property=\"og:locale\" content=\"en_GB\" \/>\n<meta property=\"og:type\" content=\"article\" \/>\n<meta property=\"og:title\" content=\"GEL EXFOLIANTE CARA Y CUERPO - Dermamedk\" \/>\n<meta property=\"og:description\" content=\"GEL EXFOLIANTE CARA Y CUERPO Exfoliante mec\u00e1nico facial y corporal para todo tipo de pieles excepto sensibles, \u00e1reas sensibilizadas o con presencia acn\u00e9ica.\" \/>\n<meta property=\"og:url\" content=\"https:\/\/dermamedk.es\/en\/tienda\/tienda\/gel-exfoliante-cara-y-cuerpo\/\" \/>\n<meta property=\"og:site_name\" content=\"Dermamedk\" \/>\n<meta property=\"article:publisher\" content=\"https:\/\/www.facebook.com\/dermamedk\" \/>\n<meta property=\"article:modified_time\" content=\"2024-03-01T13:22:50+00:00\" \/>\n<meta property=\"og:image\" content=\"https:\/\/dermamedk.es\/wp-content\/uploads\/2023\/05\/WhatsApp-Image-2023-05-03-at-12.03.38-AM.jpeg\" \/>\n\t<meta property=\"og:image:width\" content=\"266\" \/>\n\t<meta property=\"og:image:height\" content=\"233\" \/>\n\t<meta property=\"og:image:type\" content=\"image\/jpeg\" \/>\n<meta name=\"twitter:card\" content=\"summary_large_image\" \/>\n<meta name=\"twitter:label1\" content=\"Estimated reading time\" \/>\n\t<meta name=\"twitter:data1\" content=\"1 minute\" \/>\n<script type=\"application\/ld+json\" class=\"yoast-schema-graph\">{\"@context\":\"https:\/\/schema.org\",\"@graph\":[{\"@type\":\"WebPage\",\"@id\":\"https:\/\/dermamedk.es\/tienda\/tienda\/gel-exfoliante-cara-y-cuerpo\/\",\"url\":\"https:\/\/dermamedk.es\/tienda\/tienda\/gel-exfoliante-cara-y-cuerpo\/\",\"name\":\"GEL EXFOLIANTE CARA Y CUERPO - Dermamedk\",\"isPartOf\":{\"@id\":\"https:\/\/dermamedk.es\/#website\"},\"primaryImageOfPage\":{\"@id\":\"https:\/\/dermamedk.es\/tienda\/tienda\/gel-exfoliante-cara-y-cuerpo\/#primaryimage\"},\"image\":{\"@id\":\"https:\/\/dermamedk.es\/tienda\/tienda\/gel-exfoliante-cara-y-cuerpo\/#primaryimage\"},\"thumbnailUrl\":\"https:\/\/dermamedk.es\/wp-content\/uploads\/2023\/05\/WhatsApp-Image-2023-05-03-at-12.03.38-AM.jpeg\",\"datePublished\":\"2023-05-03T04:00:04+00:00\",\"dateModified\":\"2024-03-01T13:22:50+00:00\",\"description\":\"GEL EXFOLIANTE CARA Y CUERPO Exfoliante mec\u00e1nico facial y corporal para todo tipo de pieles excepto sensibles, \u00e1reas sensibilizadas o con presencia acn\u00e9ica.\",\"breadcrumb\":{\"@id\":\"https:\/\/dermamedk.es\/tienda\/tienda\/gel-exfoliante-cara-y-cuerpo\/#breadcrumb\"},\"inLanguage\":\"en-GB\",\"potentialAction\":[{\"@type\":\"ReadAction\",\"target\":[\"https:\/\/dermamedk.es\/tienda\/tienda\/gel-exfoliante-cara-y-cuerpo\/\"]}]},{\"@type\":\"ImageObject\",\"inLanguage\":\"en-GB\",\"@id\":\"https:\/\/dermamedk.es\/tienda\/tienda\/gel-exfoliante-cara-y-cuerpo\/#primaryimage\",\"url\":\"https:\/\/dermamedk.es\/wp-content\/uploads\/2023\/05\/WhatsApp-Image-2023-05-03-at-12.03.38-AM.jpeg\",\"contentUrl\":\"https:\/\/dermamedk.es\/wp-content\/uploads\/2023\/05\/WhatsApp-Image-2023-05-03-at-12.03.38-AM.jpeg\",\"width\":266,\"height\":233,\"caption\":\"GEL EXFOLIANTE CARA Y CUERPO\"},{\"@type\":\"BreadcrumbList\",\"@id\":\"https:\/\/dermamedk.es\/tienda\/tienda\/gel-exfoliante-cara-y-cuerpo\/#breadcrumb\",\"itemListElement\":[{\"@type\":\"ListItem\",\"position\":1,\"name\":\"Home\",\"item\":\"https:\/\/dermamedk.es\/\"},{\"@type\":\"ListItem\",\"position\":2,\"name\":\"Tienda\",\"item\":\"https:\/\/dermamedk.es\/tienda-dermamedk\/\"},{\"@type\":\"ListItem\",\"position\":3,\"name\":\"GEL EXFOLIANTE CARA Y CUERPO\"}]},{\"@type\":\"WebSite\",\"@id\":\"https:\/\/dermamedk.es\/#website\",\"url\":\"https:\/\/dermamedk.es\/\",\"name\":\"DermamedK | La elecci\u00f3n perfecta para tu cuidado de la piel\",\"description\":\"Lo mejor para el cuidado de tu piel\",\"publisher\":{\"@id\":\"https:\/\/dermamedk.es\/#organization\"},\"potentialAction\":[{\"@type\":\"SearchAction\",\"target\":{\"@type\":\"EntryPoint\",\"urlTemplate\":\"https:\/\/dermamedk.es\/?s={search_term_string}\"},\"query-input\":{\"@type\":\"PropertyValueSpecification\",\"valueRequired\":true,\"valueName\":\"search_term_string\"}}],\"inLanguage\":\"en-GB\"},{\"@type\":\"Organization\",\"@id\":\"https:\/\/dermamedk.es\/#organization\",\"name\":\"DermamedK | La elecci\u00f3n perfecta para tu cuidado de la piel\",\"url\":\"https:\/\/dermamedk.es\/\",\"logo\":{\"@type\":\"ImageObject\",\"inLanguage\":\"en-GB\",\"@id\":\"https:\/\/dermamedk.es\/#\/schema\/logo\/image\/\",\"url\":\"https:\/\/dermamedk.es\/wp-content\/uploads\/2023\/04\/logo-150.webp\",\"contentUrl\":\"https:\/\/dermamedk.es\/wp-content\/uploads\/2023\/04\/logo-150.webp\",\"width\":180,\"height\":212,\"caption\":\"DermamedK | La elecci\u00f3n perfecta para tu cuidado de la piel\"},\"image\":{\"@id\":\"https:\/\/dermamedk.es\/#\/schema\/logo\/image\/\"},\"sameAs\":[\"https:\/\/www.facebook.com\/dermamedk\",\"https:\/\/www.instagram.com\/dermamedk\/\"]}]}<\/script>\n<!-- \/ Yoast SEO plugin. -->","yoast_head_json":{"title":"GEL EXFOLIANTE CARA Y CUERPO - Dermamedk","description":"GEL EXFOLIANTE CARA Y CUERPO Exfoliante mec\u00e1nico facial y corporal para todo tipo de pieles excepto sensibles, \u00e1reas sensibilizadas o con presencia acn\u00e9ica.","robots":{"index":"index","follow":"follow","max-snippet":"max-snippet:-1","max-image-preview":"max-image-preview:large","max-video-preview":"max-video-preview:-1"},"canonical":"https:\/\/dermamedk.es\/en\/tienda\/tienda\/gel-exfoliante-cara-y-cuerpo\/","og_locale":"en_GB","og_type":"article","og_title":"GEL EXFOLIANTE CARA Y CUERPO - Dermamedk","og_description":"GEL EXFOLIANTE CARA Y CUERPO Exfoliante mec\u00e1nico facial y corporal para todo tipo de pieles excepto sensibles, \u00e1reas sensibilizadas o con presencia acn\u00e9ica.","og_url":"https:\/\/dermamedk.es\/en\/tienda\/tienda\/gel-exfoliante-cara-y-cuerpo\/","og_site_name":"Dermamedk","article_publisher":"https:\/\/www.facebook.com\/dermamedk","article_modified_time":"2024-03-01T13:22:50+00:00","og_image":[{"width":266,"height":233,"url":"https:\/\/dermamedk.es\/wp-content\/uploads\/2023\/05\/WhatsApp-Image-2023-05-03-at-12.03.38-AM.jpeg","type":"image\/jpeg"}],"twitter_card":"summary_large_image","twitter_misc":{"Estimated reading time":"1 minute"},"schema":{"@context":"https:\/\/schema.org","@graph":[{"@type":"WebPage","@id":"https:\/\/dermamedk.es\/tienda\/tienda\/gel-exfoliante-cara-y-cuerpo\/","url":"https:\/\/dermamedk.es\/tienda\/tienda\/gel-exfoliante-cara-y-cuerpo\/","name":"GEL EXFOLIANTE CARA Y CUERPO - Dermamedk","isPartOf":{"@id":"https:\/\/dermamedk.es\/#website"},"primaryImageOfPage":{"@id":"https:\/\/dermamedk.es\/tienda\/tienda\/gel-exfoliante-cara-y-cuerpo\/#primaryimage"},"image":{"@id":"https:\/\/dermamedk.es\/tienda\/tienda\/gel-exfoliante-cara-y-cuerpo\/#primaryimage"},"thumbnailUrl":"https:\/\/dermamedk.es\/wp-content\/uploads\/2023\/05\/WhatsApp-Image-2023-05-03-at-12.03.38-AM.jpeg","datePublished":"2023-05-03T04:00:04+00:00","dateModified":"2024-03-01T13:22:50+00:00","description":"GEL EXFOLIANTE CARA Y CUERPO Exfoliante mec\u00e1nico facial y corporal para todo tipo de pieles excepto sensibles, \u00e1reas sensibilizadas o con presencia acn\u00e9ica.","breadcrumb":{"@id":"https:\/\/dermamedk.es\/tienda\/tienda\/gel-exfoliante-cara-y-cuerpo\/#breadcrumb"},"inLanguage":"en-GB","potentialAction":[{"@type":"ReadAction","target":["https:\/\/dermamedk.es\/tienda\/tienda\/gel-exfoliante-cara-y-cuerpo\/"]}]},{"@type":"ImageObject","inLanguage":"en-GB","@id":"https:\/\/dermamedk.es\/tienda\/tienda\/gel-exfoliante-cara-y-cuerpo\/#primaryimage","url":"https:\/\/dermamedk.es\/wp-content\/uploads\/2023\/05\/WhatsApp-Image-2023-05-03-at-12.03.38-AM.jpeg","contentUrl":"https:\/\/dermamedk.es\/wp-content\/uploads\/2023\/05\/WhatsApp-Image-2023-05-03-at-12.03.38-AM.jpeg","width":266,"height":233,"caption":"GEL EXFOLIANTE CARA Y CUERPO"},{"@type":"BreadcrumbList","@id":"https:\/\/dermamedk.es\/tienda\/tienda\/gel-exfoliante-cara-y-cuerpo\/#breadcrumb","itemListElement":[{"@type":"ListItem","position":1,"name":"Home","item":"https:\/\/dermamedk.es\/"},{"@type":"ListItem","position":2,"name":"Tienda","item":"https:\/\/dermamedk.es\/tienda-dermamedk\/"},{"@type":"ListItem","position":3,"name":"GEL EXFOLIANTE CARA Y CUERPO"}]},{"@type":"WebSite","@id":"https:\/\/dermamedk.es\/#website","url":"https:\/\/dermamedk.es\/","name":"DermamedK | La elecci\u00f3n perfecta para tu cuidado de la piel","description":"Lo mejor para el cuidado de tu piel","publisher":{"@id":"https:\/\/dermamedk.es\/#organization"},"potentialAction":[{"@type":"SearchAction","target":{"@type":"EntryPoint","urlTemplate":"https:\/\/dermamedk.es\/?s={search_term_string}"},"query-input":{"@type":"PropertyValueSpecification","valueRequired":true,"valueName":"search_term_string"}}],"inLanguage":"en-GB"},{"@type":"Organization","@id":"https:\/\/dermamedk.es\/#organization","name":"DermamedK | La elecci\u00f3n perfecta para tu cuidado de la piel","url":"https:\/\/dermamedk.es\/","logo":{"@type":"ImageObject","inLanguage":"en-GB","@id":"https:\/\/dermamedk.es\/#\/schema\/logo\/image\/","url":"https:\/\/dermamedk.es\/wp-content\/uploads\/2023\/04\/logo-150.webp","contentUrl":"https:\/\/dermamedk.es\/wp-content\/uploads\/2023\/04\/logo-150.webp","width":180,"height":212,"caption":"DermamedK | La elecci\u00f3n perfecta para tu cuidado de la piel"},"image":{"@id":"https:\/\/dermamedk.es\/#\/schema\/logo\/image\/"},"sameAs":["https:\/\/www.facebook.com\/dermamedk","https:\/\/www.instagram.com\/dermamedk\/"]}]}},"_links":{"self":[{"href":"https:\/\/dermamedk.es\/en\/wp-json\/wp\/v2\/product\/1166","targetHints":{"allow":["GET"]}}],"collection":[{"href":"https:\/\/dermamedk.es\/en\/wp-json\/wp\/v2\/product"}],"about":[{"href":"https:\/\/dermamedk.es\/en\/wp-json\/wp\/v2\/types\/product"}],"replies":[{"embeddable":true,"href":"https:\/\/dermamedk.es\/en\/wp-json\/wp\/v2\/comments?post=1166"}],"version-history":[{"count":3,"href":"https:\/\/dermamedk.es\/en\/wp-json\/wp\/v2\/product\/1166\/revisions"}],"predecessor-version":[{"id":1420,"href":"https:\/\/dermamedk.es\/en\/wp-json\/wp\/v2\/product\/1166\/revisions\/1420"}],"wp:featuredmedia":[{"embeddable":true,"href":"https:\/\/dermamedk.es\/en\/wp-json\/wp\/v2\/media\/1170"}],"wp:attachment":[{"href":"https:\/\/dermamedk.es\/en\/wp-json\/wp\/v2\/media?parent=1166"}],"wp:term":[{"taxonomy":"product_brand","embeddable":true,"href":"https:\/\/dermamedk.es\/en\/wp-json\/wp\/v2\/product_brand?post=1166"},{"taxonomy":"product_cat","embeddable":true,"href":"https:\/\/dermamedk.es\/en\/wp-json\/wp\/v2\/product_cat?post=1166"},{"taxonomy":"product_tag","embeddable":true,"href":"https:\/\/dermamedk.es\/en\/wp-json\/wp\/v2\/product_tag?post=1166"}],"curies":[{"name":"wp","href":"https:\/\/api.w.org\/{rel}","templated":true}]}}