 {"id":1147,"date":"2023-05-03T03:31:19","date_gmt":"2023-05-03T03:31:19","guid":{"rendered":"https:\/\/dermamedk.es\/?post_type=product&#038;p=1147"},"modified":"2024-03-01T14:21:08","modified_gmt":"2024-03-01T13:21:08","slug":"protector-solar-50-color","status":"publish","type":"product","link":"https:\/\/dermamedk.es\/en\/tienda\/facial\/proteccion-solar\/protector-solar-50-color\/","title":{"rendered":"SUNSCREEN 50+ COLOUR"},"content":{"rendered":"<p>Very high sun protection with colour based on organic and inorganic filters that guarantee skin protection against UVA and UVB solar radiation and its broad spectrum. Suitable for all skin types, its collagen and hyaluronic acid content provides hydration and a make-up effect with a velvety, non-greasy feel.<br \/>\nHow to use: Apply in the morning or whenever needed. Reapply every 2 hours in case of intense sun exposure.<br \/>\nActive ingredients: Physical and chemical filters, hyaluronic acid and collagen.<br \/>\nPresentation: 50 ml<br \/>\nRef.: FPSYL50PC<\/p>","protected":false},"excerpt":{"rendered":"<p>Protecci\u00f3n solar muy alta con color a base de ltros org\u00e1nicos e inorg\u00e1nicos que garantizan una protecci\u00f3n de la piel sobre la radiaci\u00f3n solar UVA y UVB y su amplio espectro. Indicado para todo tipo de piel, su contenido en Colageno y \u00c1cido Hialur\u00f3nico aporta hidrataci\u00f3n y un efecto maquillaje con un tacto aterciopelado no [&hellip;]<\/p>","protected":false},"featured_media":1148,"comment_status":"open","ping_status":"closed","template":"","meta":[],"product_brand":[],"product_cat":[18,24,43,32],"product_tag":[],"class_list":{"0":"post-1147","1":"product","2":"type-product","3":"status-publish","4":"has-post-thumbnail","6":"product_cat-tienda","7":"product_cat-facial","8":"product_cat-productos-cosmetologicos","9":"product_cat-proteccion-solar","11":"first","12":"instock","13":"taxable","14":"shipping-taxable","15":"purchasable","16":"product-type-simple"},"yoast_head":"<!-- This site is optimized with the Yoast SEO plugin v23.8 - https:\/\/yoast.com\/wordpress\/plugins\/seo\/ -->\n<title>PROTECTOR SOLAR 50+ COLOR - Dermamedk<\/title>\n<meta name=\"description\" content=\"PROTECTOR SOLAR 50+ COLOR con color a base de ltros org\u00e1nicos e inorg\u00e1nicos que garantizan una protecci\u00f3n de la piel sobre la radiaci\u00f3n solar.\" \/>\n<meta name=\"robots\" content=\"index, follow, max-snippet:-1, max-image-preview:large, max-video-preview:-1\" \/>\n<link rel=\"canonical\" href=\"https:\/\/dermamedk.es\/en\/tienda\/facial\/proteccion-solar\/protector-solar-50-color\/\" \/>\n<meta property=\"og:locale\" content=\"en_GB\" \/>\n<meta property=\"og:type\" content=\"article\" \/>\n<meta property=\"og:title\" content=\"PROTECTOR SOLAR 50+ COLOR - Dermamedk\" \/>\n<meta property=\"og:description\" content=\"PROTECTOR SOLAR 50+ COLOR con color a base de ltros org\u00e1nicos e inorg\u00e1nicos que garantizan una protecci\u00f3n de la piel sobre la radiaci\u00f3n solar.\" \/>\n<meta property=\"og:url\" content=\"https:\/\/dermamedk.es\/en\/tienda\/facial\/proteccion-solar\/protector-solar-50-color\/\" \/>\n<meta property=\"og:site_name\" content=\"Dermamedk\" \/>\n<meta property=\"article:publisher\" content=\"https:\/\/www.facebook.com\/dermamedk\" \/>\n<meta property=\"article:modified_time\" content=\"2024-03-01T13:21:08+00:00\" \/>\n<meta property=\"og:image\" content=\"https:\/\/dermamedk.es\/wp-content\/uploads\/2023\/05\/WhatsApp-Image-2023-05-02-at-11.32.41-PM.jpeg\" \/>\n\t<meta property=\"og:image:width\" content=\"369\" \/>\n\t<meta property=\"og:image:height\" content=\"530\" \/>\n\t<meta property=\"og:image:type\" content=\"image\/jpeg\" \/>\n<meta name=\"twitter:card\" content=\"summary_large_image\" \/>\n<meta name=\"twitter:label1\" content=\"Estimated reading time\" \/>\n\t<meta name=\"twitter:data1\" content=\"1 minute\" \/>\n<script type=\"application\/ld+json\" class=\"yoast-schema-graph\">{\"@context\":\"https:\/\/schema.org\",\"@graph\":[{\"@type\":\"WebPage\",\"@id\":\"https:\/\/dermamedk.es\/tienda\/facial\/proteccion-solar\/protector-solar-50-color\/\",\"url\":\"https:\/\/dermamedk.es\/tienda\/facial\/proteccion-solar\/protector-solar-50-color\/\",\"name\":\"PROTECTOR SOLAR 50+ COLOR - Dermamedk\",\"isPartOf\":{\"@id\":\"https:\/\/dermamedk.es\/#website\"},\"primaryImageOfPage\":{\"@id\":\"https:\/\/dermamedk.es\/tienda\/facial\/proteccion-solar\/protector-solar-50-color\/#primaryimage\"},\"image\":{\"@id\":\"https:\/\/dermamedk.es\/tienda\/facial\/proteccion-solar\/protector-solar-50-color\/#primaryimage\"},\"thumbnailUrl\":\"https:\/\/dermamedk.es\/wp-content\/uploads\/2023\/05\/WhatsApp-Image-2023-05-02-at-11.32.41-PM.jpeg\",\"datePublished\":\"2023-05-03T03:31:19+00:00\",\"dateModified\":\"2024-03-01T13:21:08+00:00\",\"description\":\"PROTECTOR SOLAR 50+ COLOR con color a base de ltros org\u00e1nicos e inorg\u00e1nicos que garantizan una protecci\u00f3n de la piel sobre la radiaci\u00f3n solar.\",\"breadcrumb\":{\"@id\":\"https:\/\/dermamedk.es\/tienda\/facial\/proteccion-solar\/protector-solar-50-color\/#breadcrumb\"},\"inLanguage\":\"en-GB\",\"potentialAction\":[{\"@type\":\"ReadAction\",\"target\":[\"https:\/\/dermamedk.es\/tienda\/facial\/proteccion-solar\/protector-solar-50-color\/\"]}]},{\"@type\":\"ImageObject\",\"inLanguage\":\"en-GB\",\"@id\":\"https:\/\/dermamedk.es\/tienda\/facial\/proteccion-solar\/protector-solar-50-color\/#primaryimage\",\"url\":\"https:\/\/dermamedk.es\/wp-content\/uploads\/2023\/05\/WhatsApp-Image-2023-05-02-at-11.32.41-PM.jpeg\",\"contentUrl\":\"https:\/\/dermamedk.es\/wp-content\/uploads\/2023\/05\/WhatsApp-Image-2023-05-02-at-11.32.41-PM.jpeg\",\"width\":369,\"height\":530},{\"@type\":\"BreadcrumbList\",\"@id\":\"https:\/\/dermamedk.es\/tienda\/facial\/proteccion-solar\/protector-solar-50-color\/#breadcrumb\",\"itemListElement\":[{\"@type\":\"ListItem\",\"position\":1,\"name\":\"Home\",\"item\":\"https:\/\/dermamedk.es\/\"},{\"@type\":\"ListItem\",\"position\":2,\"name\":\"Tienda\",\"item\":\"https:\/\/dermamedk.es\/tienda-dermamedk\/\"},{\"@type\":\"ListItem\",\"position\":3,\"name\":\"PROTECTOR SOLAR 50+ COLOR\"}]},{\"@type\":\"WebSite\",\"@id\":\"https:\/\/dermamedk.es\/#website\",\"url\":\"https:\/\/dermamedk.es\/\",\"name\":\"DermamedK | La elecci\u00f3n perfecta para tu cuidado de la piel\",\"description\":\"Lo mejor para el cuidado de tu piel\",\"publisher\":{\"@id\":\"https:\/\/dermamedk.es\/#organization\"},\"potentialAction\":[{\"@type\":\"SearchAction\",\"target\":{\"@type\":\"EntryPoint\",\"urlTemplate\":\"https:\/\/dermamedk.es\/?s={search_term_string}\"},\"query-input\":{\"@type\":\"PropertyValueSpecification\",\"valueRequired\":true,\"valueName\":\"search_term_string\"}}],\"inLanguage\":\"en-GB\"},{\"@type\":\"Organization\",\"@id\":\"https:\/\/dermamedk.es\/#organization\",\"name\":\"DermamedK | La elecci\u00f3n perfecta para tu cuidado de la piel\",\"url\":\"https:\/\/dermamedk.es\/\",\"logo\":{\"@type\":\"ImageObject\",\"inLanguage\":\"en-GB\",\"@id\":\"https:\/\/dermamedk.es\/#\/schema\/logo\/image\/\",\"url\":\"https:\/\/dermamedk.es\/wp-content\/uploads\/2023\/04\/logo-150.webp\",\"contentUrl\":\"https:\/\/dermamedk.es\/wp-content\/uploads\/2023\/04\/logo-150.webp\",\"width\":180,\"height\":212,\"caption\":\"DermamedK | La elecci\u00f3n perfecta para tu cuidado de la piel\"},\"image\":{\"@id\":\"https:\/\/dermamedk.es\/#\/schema\/logo\/image\/\"},\"sameAs\":[\"https:\/\/www.facebook.com\/dermamedk\",\"https:\/\/www.instagram.com\/dermamedk\/\"]}]}<\/script>\n<!-- \/ Yoast SEO plugin. -->","yoast_head_json":{"title":"PROTECTOR SOLAR 50+ COLOR - Dermamedk","description":"PROTECTOR SOLAR 50+ COLOR con color a base de ltros org\u00e1nicos e inorg\u00e1nicos que garantizan una protecci\u00f3n de la piel sobre la radiaci\u00f3n solar.","robots":{"index":"index","follow":"follow","max-snippet":"max-snippet:-1","max-image-preview":"max-image-preview:large","max-video-preview":"max-video-preview:-1"},"canonical":"https:\/\/dermamedk.es\/en\/tienda\/facial\/proteccion-solar\/protector-solar-50-color\/","og_locale":"en_GB","og_type":"article","og_title":"PROTECTOR SOLAR 50+ COLOR - Dermamedk","og_description":"PROTECTOR SOLAR 50+ COLOR con color a base de ltros org\u00e1nicos e inorg\u00e1nicos que garantizan una protecci\u00f3n de la piel sobre la radiaci\u00f3n solar.","og_url":"https:\/\/dermamedk.es\/en\/tienda\/facial\/proteccion-solar\/protector-solar-50-color\/","og_site_name":"Dermamedk","article_publisher":"https:\/\/www.facebook.com\/dermamedk","article_modified_time":"2024-03-01T13:21:08+00:00","og_image":[{"width":369,"height":530,"url":"https:\/\/dermamedk.es\/wp-content\/uploads\/2023\/05\/WhatsApp-Image-2023-05-02-at-11.32.41-PM.jpeg","type":"image\/jpeg"}],"twitter_card":"summary_large_image","twitter_misc":{"Estimated reading time":"1 minute"},"schema":{"@context":"https:\/\/schema.org","@graph":[{"@type":"WebPage","@id":"https:\/\/dermamedk.es\/tienda\/facial\/proteccion-solar\/protector-solar-50-color\/","url":"https:\/\/dermamedk.es\/tienda\/facial\/proteccion-solar\/protector-solar-50-color\/","name":"PROTECTOR SOLAR 50+ COLOR - Dermamedk","isPartOf":{"@id":"https:\/\/dermamedk.es\/#website"},"primaryImageOfPage":{"@id":"https:\/\/dermamedk.es\/tienda\/facial\/proteccion-solar\/protector-solar-50-color\/#primaryimage"},"image":{"@id":"https:\/\/dermamedk.es\/tienda\/facial\/proteccion-solar\/protector-solar-50-color\/#primaryimage"},"thumbnailUrl":"https:\/\/dermamedk.es\/wp-content\/uploads\/2023\/05\/WhatsApp-Image-2023-05-02-at-11.32.41-PM.jpeg","datePublished":"2023-05-03T03:31:19+00:00","dateModified":"2024-03-01T13:21:08+00:00","description":"PROTECTOR SOLAR 50+ COLOR con color a base de ltros org\u00e1nicos e inorg\u00e1nicos que garantizan una protecci\u00f3n de la piel sobre la radiaci\u00f3n solar.","breadcrumb":{"@id":"https:\/\/dermamedk.es\/tienda\/facial\/proteccion-solar\/protector-solar-50-color\/#breadcrumb"},"inLanguage":"en-GB","potentialAction":[{"@type":"ReadAction","target":["https:\/\/dermamedk.es\/tienda\/facial\/proteccion-solar\/protector-solar-50-color\/"]}]},{"@type":"ImageObject","inLanguage":"en-GB","@id":"https:\/\/dermamedk.es\/tienda\/facial\/proteccion-solar\/protector-solar-50-color\/#primaryimage","url":"https:\/\/dermamedk.es\/wp-content\/uploads\/2023\/05\/WhatsApp-Image-2023-05-02-at-11.32.41-PM.jpeg","contentUrl":"https:\/\/dermamedk.es\/wp-content\/uploads\/2023\/05\/WhatsApp-Image-2023-05-02-at-11.32.41-PM.jpeg","width":369,"height":530},{"@type":"BreadcrumbList","@id":"https:\/\/dermamedk.es\/tienda\/facial\/proteccion-solar\/protector-solar-50-color\/#breadcrumb","itemListElement":[{"@type":"ListItem","position":1,"name":"Home","item":"https:\/\/dermamedk.es\/"},{"@type":"ListItem","position":2,"name":"Tienda","item":"https:\/\/dermamedk.es\/tienda-dermamedk\/"},{"@type":"ListItem","position":3,"name":"PROTECTOR SOLAR 50+ COLOR"}]},{"@type":"WebSite","@id":"https:\/\/dermamedk.es\/#website","url":"https:\/\/dermamedk.es\/","name":"DermamedK | La elecci\u00f3n perfecta para tu cuidado de la piel","description":"Lo mejor para el cuidado de tu piel","publisher":{"@id":"https:\/\/dermamedk.es\/#organization"},"potentialAction":[{"@type":"SearchAction","target":{"@type":"EntryPoint","urlTemplate":"https:\/\/dermamedk.es\/?s={search_term_string}"},"query-input":{"@type":"PropertyValueSpecification","valueRequired":true,"valueName":"search_term_string"}}],"inLanguage":"en-GB"},{"@type":"Organization","@id":"https:\/\/dermamedk.es\/#organization","name":"DermamedK | La elecci\u00f3n perfecta para tu cuidado de la piel","url":"https:\/\/dermamedk.es\/","logo":{"@type":"ImageObject","inLanguage":"en-GB","@id":"https:\/\/dermamedk.es\/#\/schema\/logo\/image\/","url":"https:\/\/dermamedk.es\/wp-content\/uploads\/2023\/04\/logo-150.webp","contentUrl":"https:\/\/dermamedk.es\/wp-content\/uploads\/2023\/04\/logo-150.webp","width":180,"height":212,"caption":"DermamedK | La elecci\u00f3n perfecta para tu cuidado de la piel"},"image":{"@id":"https:\/\/dermamedk.es\/#\/schema\/logo\/image\/"},"sameAs":["https:\/\/www.facebook.com\/dermamedk","https:\/\/www.instagram.com\/dermamedk\/"]}]}},"_links":{"self":[{"href":"https:\/\/dermamedk.es\/en\/wp-json\/wp\/v2\/product\/1147","targetHints":{"allow":["GET"]}}],"collection":[{"href":"https:\/\/dermamedk.es\/en\/wp-json\/wp\/v2\/product"}],"about":[{"href":"https:\/\/dermamedk.es\/en\/wp-json\/wp\/v2\/types\/product"}],"replies":[{"embeddable":true,"href":"https:\/\/dermamedk.es\/en\/wp-json\/wp\/v2\/comments?post=1147"}],"version-history":[{"count":3,"href":"https:\/\/dermamedk.es\/en\/wp-json\/wp\/v2\/product\/1147\/revisions"}],"predecessor-version":[{"id":1428,"href":"https:\/\/dermamedk.es\/en\/wp-json\/wp\/v2\/product\/1147\/revisions\/1428"}],"wp:featuredmedia":[{"embeddable":true,"href":"https:\/\/dermamedk.es\/en\/wp-json\/wp\/v2\/media\/1148"}],"wp:attachment":[{"href":"https:\/\/dermamedk.es\/en\/wp-json\/wp\/v2\/media?parent=1147"}],"wp:term":[{"taxonomy":"product_brand","embeddable":true,"href":"https:\/\/dermamedk.es\/en\/wp-json\/wp\/v2\/product_brand?post=1147"},{"taxonomy":"product_cat","embeddable":true,"href":"https:\/\/dermamedk.es\/en\/wp-json\/wp\/v2\/product_cat?post=1147"},{"taxonomy":"product_tag","embeddable":true,"href":"https:\/\/dermamedk.es\/en\/wp-json\/wp\/v2\/product_tag?post=1147"}],"curies":[{"name":"wp","href":"https:\/\/api.w.org\/{rel}","templated":true}]}}