 {"id":1132,"date":"2023-05-03T03:10:57","date_gmt":"2023-05-03T03:10:57","guid":{"rendered":"https:\/\/dermamedk.es\/?post_type=product&#038;p=1132"},"modified":"2024-03-12T21:53:06","modified_gmt":"2024-03-12T20:53:06","slug":"crema-despigmentante-2","status":"publish","type":"product","link":"https:\/\/dermamedk.es\/en\/tienda\/facial\/cuidado-piel-con-manchas\/crema-despigmentante-2\/","title":{"rendered":"DEPIGMENTING CREAM"},"content":{"rendered":"<p>Depigmenting day cream for all skin types. Exclusive formula that combines<br \/>\ndepigmentation for spots and dyschromia with anti-wrinkle active ingredients. Blends into the skin without<br \/>\nto provide oil while leaving a velvety appearance. Low sun protection.<br \/>\nHow to use: Apply in the morning as a day cream to the face, neck and d\u00e9collet\u00e9. Repeat the<br \/>\napplication in case of intense sun exposure. We recommend applying maximum sun protection at<br \/>\ndaily.<br \/>\nActive ingredients: Natural Moisturising Factor 5%, Liposomed Soy Isoavones 2%,<br \/>\nActivated and stabilised milk-derived signal molecules 5%, Glycerol 3%, Bido-Lysate - Activated and stabilised milk-derived signal molecules 5%, Glycerol 3%, Bido-Lysate<br \/>\n5% bacteria, Aloe Vera, Bellis Perennis Active Ingredients 4%, Bioactive Polypeptide (Cytokines) 0.5%,<br \/>\nSunscreen.<br \/>\nPresentation: 50 ml<br \/>\nRef.: FCPM50<\/p>","protected":false},"excerpt":{"rendered":"<p>Crema despigmentante de d\u00eda para todo tipo de pieles. Exclusiva f\u00f3rmula que combina agentes despigmentantes para manchas y discrom\u00edas con activos antiarrugas. Se funde con la piel sin aportar grasa dejando un aspecto aterciopelado. Protecci\u00f3n solar baja. Modo de empleo: Aplicar por la ma\u00f1ana como crema de d\u00eda sobre cara cuello y escote. Repetir la [&hellip;]<\/p>","protected":false},"featured_media":1133,"comment_status":"open","ping_status":"closed","template":"","meta":[],"product_brand":[],"product_cat":[41,24,43],"product_tag":[],"class_list":{"0":"post-1132","1":"product","2":"type-product","3":"status-publish","4":"has-post-thumbnail","6":"product_cat-cuidado-piel-con-manchas","7":"product_cat-facial","8":"product_cat-productos-cosmetologicos","10":"first","11":"instock","12":"taxable","13":"shipping-taxable","14":"purchasable","15":"product-type-simple"},"yoast_head":"<!-- This site is optimized with the Yoast SEO plugin v23.8 - https:\/\/yoast.com\/wordpress\/plugins\/seo\/ -->\n<title>CREMA DESPIGMENTANTE - Dermamedk<\/title>\n<meta name=\"robots\" content=\"index, follow, max-snippet:-1, max-image-preview:large, max-video-preview:-1\" \/>\n<link rel=\"canonical\" href=\"https:\/\/dermamedk.es\/en\/tienda\/facial\/cuidado-piel-con-manchas\/crema-despigmentante-2\/\" \/>\n<meta property=\"og:locale\" content=\"en_GB\" \/>\n<meta property=\"og:type\" content=\"article\" \/>\n<meta property=\"og:title\" content=\"CREMA DESPIGMENTANTE - Dermamedk\" \/>\n<meta property=\"og:description\" content=\"Crema despigmentante de d\u00eda para todo tipo de pieles. Exclusiva f\u00f3rmula que combina agentes despigmentantes para manchas y discrom\u00edas con activos antiarrugas. Se funde con la piel sin aportar grasa dejando un aspecto aterciopelado. Protecci\u00f3n solar baja. Modo de empleo: Aplicar por la ma\u00f1ana como crema de d\u00eda sobre cara cuello y escote. Repetir la [&hellip;]\" \/>\n<meta property=\"og:url\" content=\"https:\/\/dermamedk.es\/en\/tienda\/facial\/cuidado-piel-con-manchas\/crema-despigmentante-2\/\" \/>\n<meta property=\"og:site_name\" content=\"Dermamedk\" \/>\n<meta property=\"article:publisher\" content=\"https:\/\/www.facebook.com\/dermamedk\" \/>\n<meta property=\"article:modified_time\" content=\"2024-03-12T20:53:06+00:00\" \/>\n<meta property=\"og:image\" content=\"https:\/\/dermamedk.es\/wp-content\/uploads\/2023\/05\/WhatsApp-Image-2023-05-02-at-11.11.45-PM.jpeg\" \/>\n\t<meta property=\"og:image:width\" content=\"532\" \/>\n\t<meta property=\"og:image:height\" content=\"509\" \/>\n\t<meta property=\"og:image:type\" content=\"image\/jpeg\" \/>\n<meta name=\"twitter:card\" content=\"summary_large_image\" \/>\n<meta name=\"twitter:label1\" content=\"Estimated reading time\" \/>\n\t<meta name=\"twitter:data1\" content=\"1 minute\" \/>\n<script type=\"application\/ld+json\" class=\"yoast-schema-graph\">{\"@context\":\"https:\/\/schema.org\",\"@graph\":[{\"@type\":\"WebPage\",\"@id\":\"https:\/\/dermamedk.es\/tienda\/facial\/cuidado-piel-con-manchas\/crema-despigmentante-2\/\",\"url\":\"https:\/\/dermamedk.es\/tienda\/facial\/cuidado-piel-con-manchas\/crema-despigmentante-2\/\",\"name\":\"CREMA DESPIGMENTANTE - Dermamedk\",\"isPartOf\":{\"@id\":\"https:\/\/dermamedk.es\/#website\"},\"primaryImageOfPage\":{\"@id\":\"https:\/\/dermamedk.es\/tienda\/facial\/cuidado-piel-con-manchas\/crema-despigmentante-2\/#primaryimage\"},\"image\":{\"@id\":\"https:\/\/dermamedk.es\/tienda\/facial\/cuidado-piel-con-manchas\/crema-despigmentante-2\/#primaryimage\"},\"thumbnailUrl\":\"https:\/\/dermamedk.es\/wp-content\/uploads\/2023\/05\/WhatsApp-Image-2023-05-02-at-11.11.45-PM.jpeg\",\"datePublished\":\"2023-05-03T03:10:57+00:00\",\"dateModified\":\"2024-03-12T20:53:06+00:00\",\"breadcrumb\":{\"@id\":\"https:\/\/dermamedk.es\/tienda\/facial\/cuidado-piel-con-manchas\/crema-despigmentante-2\/#breadcrumb\"},\"inLanguage\":\"en-GB\",\"potentialAction\":[{\"@type\":\"ReadAction\",\"target\":[\"https:\/\/dermamedk.es\/tienda\/facial\/cuidado-piel-con-manchas\/crema-despigmentante-2\/\"]}]},{\"@type\":\"ImageObject\",\"inLanguage\":\"en-GB\",\"@id\":\"https:\/\/dermamedk.es\/tienda\/facial\/cuidado-piel-con-manchas\/crema-despigmentante-2\/#primaryimage\",\"url\":\"https:\/\/dermamedk.es\/wp-content\/uploads\/2023\/05\/WhatsApp-Image-2023-05-02-at-11.11.45-PM.jpeg\",\"contentUrl\":\"https:\/\/dermamedk.es\/wp-content\/uploads\/2023\/05\/WhatsApp-Image-2023-05-02-at-11.11.45-PM.jpeg\",\"width\":532,\"height\":509},{\"@type\":\"BreadcrumbList\",\"@id\":\"https:\/\/dermamedk.es\/tienda\/facial\/cuidado-piel-con-manchas\/crema-despigmentante-2\/#breadcrumb\",\"itemListElement\":[{\"@type\":\"ListItem\",\"position\":1,\"name\":\"Home\",\"item\":\"https:\/\/dermamedk.es\/\"},{\"@type\":\"ListItem\",\"position\":2,\"name\":\"Tienda\",\"item\":\"https:\/\/dermamedk.es\/tienda-dermamedk\/\"},{\"@type\":\"ListItem\",\"position\":3,\"name\":\"CREMA DESPIGMENTANTE\"}]},{\"@type\":\"WebSite\",\"@id\":\"https:\/\/dermamedk.es\/#website\",\"url\":\"https:\/\/dermamedk.es\/\",\"name\":\"DermamedK | La elecci\u00f3n perfecta para tu cuidado de la piel\",\"description\":\"Lo mejor para el cuidado de tu piel\",\"publisher\":{\"@id\":\"https:\/\/dermamedk.es\/#organization\"},\"potentialAction\":[{\"@type\":\"SearchAction\",\"target\":{\"@type\":\"EntryPoint\",\"urlTemplate\":\"https:\/\/dermamedk.es\/?s={search_term_string}\"},\"query-input\":{\"@type\":\"PropertyValueSpecification\",\"valueRequired\":true,\"valueName\":\"search_term_string\"}}],\"inLanguage\":\"en-GB\"},{\"@type\":\"Organization\",\"@id\":\"https:\/\/dermamedk.es\/#organization\",\"name\":\"DermamedK | La elecci\u00f3n perfecta para tu cuidado de la piel\",\"url\":\"https:\/\/dermamedk.es\/\",\"logo\":{\"@type\":\"ImageObject\",\"inLanguage\":\"en-GB\",\"@id\":\"https:\/\/dermamedk.es\/#\/schema\/logo\/image\/\",\"url\":\"https:\/\/dermamedk.es\/wp-content\/uploads\/2023\/04\/logo-150.webp\",\"contentUrl\":\"https:\/\/dermamedk.es\/wp-content\/uploads\/2023\/04\/logo-150.webp\",\"width\":180,\"height\":212,\"caption\":\"DermamedK | La elecci\u00f3n perfecta para tu cuidado de la piel\"},\"image\":{\"@id\":\"https:\/\/dermamedk.es\/#\/schema\/logo\/image\/\"},\"sameAs\":[\"https:\/\/www.facebook.com\/dermamedk\",\"https:\/\/www.instagram.com\/dermamedk\/\"]}]}<\/script>\n<!-- \/ Yoast SEO plugin. -->","yoast_head_json":{"title":"CREMA DESPIGMENTANTE - Dermamedk","robots":{"index":"index","follow":"follow","max-snippet":"max-snippet:-1","max-image-preview":"max-image-preview:large","max-video-preview":"max-video-preview:-1"},"canonical":"https:\/\/dermamedk.es\/en\/tienda\/facial\/cuidado-piel-con-manchas\/crema-despigmentante-2\/","og_locale":"en_GB","og_type":"article","og_title":"CREMA DESPIGMENTANTE - Dermamedk","og_description":"Crema despigmentante de d\u00eda para todo tipo de pieles. Exclusiva f\u00f3rmula que combina agentes despigmentantes para manchas y discrom\u00edas con activos antiarrugas. Se funde con la piel sin aportar grasa dejando un aspecto aterciopelado. Protecci\u00f3n solar baja. Modo de empleo: Aplicar por la ma\u00f1ana como crema de d\u00eda sobre cara cuello y escote. Repetir la [&hellip;]","og_url":"https:\/\/dermamedk.es\/en\/tienda\/facial\/cuidado-piel-con-manchas\/crema-despigmentante-2\/","og_site_name":"Dermamedk","article_publisher":"https:\/\/www.facebook.com\/dermamedk","article_modified_time":"2024-03-12T20:53:06+00:00","og_image":[{"width":532,"height":509,"url":"https:\/\/dermamedk.es\/wp-content\/uploads\/2023\/05\/WhatsApp-Image-2023-05-02-at-11.11.45-PM.jpeg","type":"image\/jpeg"}],"twitter_card":"summary_large_image","twitter_misc":{"Estimated reading time":"1 minute"},"schema":{"@context":"https:\/\/schema.org","@graph":[{"@type":"WebPage","@id":"https:\/\/dermamedk.es\/tienda\/facial\/cuidado-piel-con-manchas\/crema-despigmentante-2\/","url":"https:\/\/dermamedk.es\/tienda\/facial\/cuidado-piel-con-manchas\/crema-despigmentante-2\/","name":"CREMA DESPIGMENTANTE - Dermamedk","isPartOf":{"@id":"https:\/\/dermamedk.es\/#website"},"primaryImageOfPage":{"@id":"https:\/\/dermamedk.es\/tienda\/facial\/cuidado-piel-con-manchas\/crema-despigmentante-2\/#primaryimage"},"image":{"@id":"https:\/\/dermamedk.es\/tienda\/facial\/cuidado-piel-con-manchas\/crema-despigmentante-2\/#primaryimage"},"thumbnailUrl":"https:\/\/dermamedk.es\/wp-content\/uploads\/2023\/05\/WhatsApp-Image-2023-05-02-at-11.11.45-PM.jpeg","datePublished":"2023-05-03T03:10:57+00:00","dateModified":"2024-03-12T20:53:06+00:00","breadcrumb":{"@id":"https:\/\/dermamedk.es\/tienda\/facial\/cuidado-piel-con-manchas\/crema-despigmentante-2\/#breadcrumb"},"inLanguage":"en-GB","potentialAction":[{"@type":"ReadAction","target":["https:\/\/dermamedk.es\/tienda\/facial\/cuidado-piel-con-manchas\/crema-despigmentante-2\/"]}]},{"@type":"ImageObject","inLanguage":"en-GB","@id":"https:\/\/dermamedk.es\/tienda\/facial\/cuidado-piel-con-manchas\/crema-despigmentante-2\/#primaryimage","url":"https:\/\/dermamedk.es\/wp-content\/uploads\/2023\/05\/WhatsApp-Image-2023-05-02-at-11.11.45-PM.jpeg","contentUrl":"https:\/\/dermamedk.es\/wp-content\/uploads\/2023\/05\/WhatsApp-Image-2023-05-02-at-11.11.45-PM.jpeg","width":532,"height":509},{"@type":"BreadcrumbList","@id":"https:\/\/dermamedk.es\/tienda\/facial\/cuidado-piel-con-manchas\/crema-despigmentante-2\/#breadcrumb","itemListElement":[{"@type":"ListItem","position":1,"name":"Home","item":"https:\/\/dermamedk.es\/"},{"@type":"ListItem","position":2,"name":"Tienda","item":"https:\/\/dermamedk.es\/tienda-dermamedk\/"},{"@type":"ListItem","position":3,"name":"CREMA DESPIGMENTANTE"}]},{"@type":"WebSite","@id":"https:\/\/dermamedk.es\/#website","url":"https:\/\/dermamedk.es\/","name":"DermamedK | La elecci\u00f3n perfecta para tu cuidado de la piel","description":"Lo mejor para el cuidado de tu piel","publisher":{"@id":"https:\/\/dermamedk.es\/#organization"},"potentialAction":[{"@type":"SearchAction","target":{"@type":"EntryPoint","urlTemplate":"https:\/\/dermamedk.es\/?s={search_term_string}"},"query-input":{"@type":"PropertyValueSpecification","valueRequired":true,"valueName":"search_term_string"}}],"inLanguage":"en-GB"},{"@type":"Organization","@id":"https:\/\/dermamedk.es\/#organization","name":"DermamedK | La elecci\u00f3n perfecta para tu cuidado de la piel","url":"https:\/\/dermamedk.es\/","logo":{"@type":"ImageObject","inLanguage":"en-GB","@id":"https:\/\/dermamedk.es\/#\/schema\/logo\/image\/","url":"https:\/\/dermamedk.es\/wp-content\/uploads\/2023\/04\/logo-150.webp","contentUrl":"https:\/\/dermamedk.es\/wp-content\/uploads\/2023\/04\/logo-150.webp","width":180,"height":212,"caption":"DermamedK | La elecci\u00f3n perfecta para tu cuidado de la piel"},"image":{"@id":"https:\/\/dermamedk.es\/#\/schema\/logo\/image\/"},"sameAs":["https:\/\/www.facebook.com\/dermamedk","https:\/\/www.instagram.com\/dermamedk\/"]}]}},"_links":{"self":[{"href":"https:\/\/dermamedk.es\/en\/wp-json\/wp\/v2\/product\/1132","targetHints":{"allow":["GET"]}}],"collection":[{"href":"https:\/\/dermamedk.es\/en\/wp-json\/wp\/v2\/product"}],"about":[{"href":"https:\/\/dermamedk.es\/en\/wp-json\/wp\/v2\/types\/product"}],"replies":[{"embeddable":true,"href":"https:\/\/dermamedk.es\/en\/wp-json\/wp\/v2\/comments?post=1132"}],"version-history":[{"count":1,"href":"https:\/\/dermamedk.es\/en\/wp-json\/wp\/v2\/product\/1132\/revisions"}],"predecessor-version":[{"id":1134,"href":"https:\/\/dermamedk.es\/en\/wp-json\/wp\/v2\/product\/1132\/revisions\/1134"}],"wp:featuredmedia":[{"embeddable":true,"href":"https:\/\/dermamedk.es\/en\/wp-json\/wp\/v2\/media\/1133"}],"wp:attachment":[{"href":"https:\/\/dermamedk.es\/en\/wp-json\/wp\/v2\/media?parent=1132"}],"wp:term":[{"taxonomy":"product_brand","embeddable":true,"href":"https:\/\/dermamedk.es\/en\/wp-json\/wp\/v2\/product_brand?post=1132"},{"taxonomy":"product_cat","embeddable":true,"href":"https:\/\/dermamedk.es\/en\/wp-json\/wp\/v2\/product_cat?post=1132"},{"taxonomy":"product_tag","embeddable":true,"href":"https:\/\/dermamedk.es\/en\/wp-json\/wp\/v2\/product_tag?post=1132"}],"curies":[{"name":"wp","href":"https:\/\/api.w.org\/{rel}","templated":true}]}}